{"id":1185,"date":"2025-09-09T12:13:49","date_gmt":"2025-09-09T09:13:49","guid":{"rendered":"https:\/\/finnamkindergarten.sivustamo.dev\/tavoitteet\/"},"modified":"2025-09-12T12:23:09","modified_gmt":"2025-09-12T09:23:09","slug":"tavoitteet","status":"publish","type":"page","link":"https:\/\/finnamkindergarten.com\/fi\/tavoitteet\/","title":{"rendered":"Tavoitteet"},"content":{"rendered":"\t\t<div data-elementor-type=\"wp-page\" data-elementor-id=\"1185\" class=\"elementor elementor-1185 elementor-618\" data-elementor-post-type=\"page\">\n\t\t\t\t<div class=\"elementor-element elementor-element-2a584eb e-flex e-con-boxed e-con e-parent\" data-id=\"2a584eb\" data-element_type=\"container\" data-e-type=\"container\" data-settings=\"{&quot;background_background&quot;:&quot;classic&quot;,&quot;jet_parallax_layout_list&quot;:[]}\">\n\t\t\t\t\t<div class=\"e-con-inner\">\n\t\t\t\t<div class=\"elementor-element elementor-element-86eaec5 hero_heading elementor-invisible elementor-widget elementor-widget-heading\" data-id=\"86eaec5\" data-element_type=\"widget\" data-e-type=\"widget\" data-settings=\"{&quot;_animation&quot;:&quot;fadeIn&quot;}\" data-widget_type=\"heading.default\">\n\t\t\t\t\t<h2 class=\"elementor-heading-title elementor-size-default\">Tavoitteet<\/h2>\t\t\t\t<\/div>\n\t\t\t\t\t<\/div>\n\t\t\t\t<\/div>\n\t\t<div class=\"elementor-element elementor-element-8386be0 e-flex e-con-boxed e-con e-parent\" data-id=\"8386be0\" data-element_type=\"container\" data-e-type=\"container\" data-settings=\"{&quot;jet_parallax_layout_list&quot;:[],&quot;background_background&quot;:&quot;classic&quot;,&quot;shape_divider_bottom&quot;:&quot;waves&quot;}\">\n\t\t\t\t\t<div class=\"e-con-inner\">\n\t\t\t\t<div class=\"elementor-shape elementor-shape-bottom\" aria-hidden=\"true\" data-negative=\"false\">\n\t\t\t<svg xmlns=\"http:\/\/www.w3.org\/2000\/svg\" viewBox=\"0 0 1000 100\" preserveAspectRatio=\"none\">\n\t<path class=\"elementor-shape-fill\" d=\"M421.9,6.5c22.6-2.5,51.5,0.4,75.5,5.3c23.6,4.9,70.9,23.5,100.5,35.7c75.8,32.2,133.7,44.5,192.6,49.7\n\tc23.6,2.1,48.7,3.5,103.4-2.5c54.7-6,106.2-25.6,106.2-25.6V0H0v30.3c0,0,72,32.6,158.4,30.5c39.2-0.7,92.8-6.7,134-22.4\n\tc21.2-8.1,52.2-18.2,79.7-24.2C399.3,7.9,411.6,7.5,421.9,6.5z\"\/>\n<\/svg>\t\t<\/div>\n\t\t<div class=\"elementor-element elementor-element-137859b e-con-full e-flex e-con e-child\" data-id=\"137859b\" data-element_type=\"container\" data-e-type=\"container\" data-settings=\"{&quot;jet_parallax_layout_list&quot;:[]}\">\n\t\t\t\t<div class=\"elementor-element elementor-element-ce9c42b elementor-widget elementor-widget-image\" data-id=\"ce9c42b\" data-element_type=\"widget\" data-e-type=\"widget\" data-widget_type=\"image.default\">\n\t\t\t\t\t\t\t\t\t\t\t\t\t\t\t<img fetchpriority=\"high\" decoding=\"async\" width=\"800\" height=\"534\" src=\"https:\/\/finnamkindergarten.com\/wp-content\/uploads\/2025\/09\/kindergarten-helsinki-1024x683.jpg\" class=\"attachment-large size-large wp-image-1183\" alt=\"\" srcset=\"https:\/\/finnamkindergarten.com\/wp-content\/uploads\/2025\/09\/kindergarten-helsinki-1024x683.jpg 1024w, https:\/\/finnamkindergarten.com\/wp-content\/uploads\/2025\/09\/kindergarten-helsinki-300x200.jpg 300w, https:\/\/finnamkindergarten.com\/wp-content\/uploads\/2025\/09\/kindergarten-helsinki-768x512.jpg 768w, https:\/\/finnamkindergarten.com\/wp-content\/uploads\/2025\/09\/kindergarten-helsinki-1536x1024.jpg 1536w, https:\/\/finnamkindergarten.com\/wp-content\/uploads\/2025\/09\/kindergarten-helsinki.jpg 1920w\" sizes=\"(max-width: 800px) 100vw, 800px\" \/>\t\t\t\t\t\t\t\t\t\t\t\t\t\t\t<\/div>\n\t\t\t\t<\/div>\n\t\t<div class=\"elementor-element elementor-element-e30eec7 e-con-full e-flex elementor-invisible e-con e-child\" data-id=\"e30eec7\" data-element_type=\"container\" data-e-type=\"container\" data-settings=\"{&quot;jet_parallax_layout_list&quot;:[],&quot;animation&quot;:&quot;fadeIn&quot;}\">\n\t\t\t\t<div class=\"elementor-element elementor-element-8703dd5 elementor-widget elementor-widget-heading\" data-id=\"8703dd5\" data-element_type=\"widget\" data-e-type=\"widget\" data-widget_type=\"heading.default\">\n\t\t\t\t\t<h2 class=\"elementor-heading-title elementor-size-default\">Finnish-American Kindergarten p\u00e4iv\u00e4kodissa<\/h2>\t\t\t\t<\/div>\n\t\t\t\t<div class=\"elementor-element elementor-element-ac3d479 elementor-widget elementor-widget-text-editor\" data-id=\"ac3d479\" data-element_type=\"widget\" data-e-type=\"widget\" data-widget_type=\"text-editor.default\">\n\t\t\t\t\t\t\t\t\t<p>Luomme lapsille paljon mahdollisuuksia tutkia ymp\u00e4rist\u00f6\u00e4\u00e4n, seurata mielenkiinnon kohteitaan, sek\u00e4 oppia uusia asioita. P\u00e4iv\u00e4kodillamme on materiaalia monenlaiseen oppimiseen; niin projekteja, ryhm\u00e4t\u00f6it\u00e4, kuin itsen\u00e4ist\u00e4 ty\u00f6skentely\u00e4 varten. Kasvattajamme huolehtivat, ett\u00e4 jokaisella lapsella on tarvitsemansa tuki omalla oppimisen polulla   <\/p>\t\t\t\t\t\t\t\t<\/div>\n\t\t\t\t<div class=\"elementor-element elementor-element-36d55a3 elementor-widget elementor-widget-button\" data-id=\"36d55a3\" data-element_type=\"widget\" data-e-type=\"widget\" data-widget_type=\"button.default\">\n\t\t\t\t\t\t\t\t\t\t<a class=\"elementor-button elementor-button-link elementor-size-sm\" href=\"https:\/\/finnamkindergarten.com\/fi\/ota-yhteytta\/\">\n\t\t\t\t\t\t<span class=\"elementor-button-content-wrapper\">\n\t\t\t\t\t\t<span class=\"elementor-button-icon\">\n\t\t\t\t<svg xmlns=\"http:\/\/www.w3.org\/2000\/svg\" width=\"19\" height=\"15\" viewBox=\"0 0 19 15\" fill=\"none\"><path d=\"M0.325684 7.73376H17.3257M17.3257 7.73376L10.8257 1.23376M17.3257 7.73376L10.8257 14.2338\" stroke=\"white\" stroke-width=\"2\"><\/path><\/svg>\t\t\t<\/span>\n\t\t\t\t\t\t\t\t\t<span class=\"elementor-button-text\">Ota yhteytt\u00e4<\/span>\n\t\t\t\t\t<\/span>\n\t\t\t\t\t<\/a>\n\t\t\t\t\t\t\t\t<\/div>\n\t\t\t\t<\/div>\n\t\t\t\t\t<\/div>\n\t\t\t\t<\/div>\n\t\t<div class=\"elementor-element elementor-element-9d471d7 e-flex e-con-boxed e-con e-parent\" data-id=\"9d471d7\" data-element_type=\"container\" data-e-type=\"container\" data-settings=\"{&quot;background_background&quot;:&quot;classic&quot;,&quot;jet_parallax_layout_list&quot;:[]}\">\n\t\t\t\t\t<div class=\"e-con-inner\">\n\t\t<div class=\"elementor-element elementor-element-a9754bb e-con-full e-flex elementor-invisible e-con e-child\" data-id=\"a9754bb\" data-element_type=\"container\" data-e-type=\"container\" data-settings=\"{&quot;jet_parallax_layout_list&quot;:[],&quot;animation&quot;:&quot;fadeIn&quot;,&quot;background_background&quot;:&quot;classic&quot;}\">\n\t\t\t\t<\/div>\n\t\t<div class=\"elementor-element elementor-element-a1ef29b e-con-full e-flex elementor-invisible e-con e-child\" data-id=\"a1ef29b\" data-element_type=\"container\" data-e-type=\"container\" data-settings=\"{&quot;jet_parallax_layout_list&quot;:[],&quot;animation&quot;:&quot;fadeIn&quot;,&quot;background_background&quot;:&quot;classic&quot;}\">\n\t\t\t\t<div class=\"elementor-element elementor-element-4cf752f elementor-widget elementor-widget-heading\" data-id=\"4cf752f\" data-element_type=\"widget\" data-e-type=\"widget\" data-widget_type=\"heading.default\">\n\t\t\t\t\t<h2 class=\"elementor-heading-title elementor-size-default\">Oppimisen ilo<\/h2>\t\t\t\t<\/div>\n\t\t\t\t<div class=\"elementor-element elementor-element-a6730a9 elementor-widget elementor-widget-text-editor\" data-id=\"a6730a9\" data-element_type=\"widget\" data-e-type=\"widget\" data-widget_type=\"text-editor.default\">\n\t\t\t\t\t\t\t\t\t<p>Oppiminen on kivaa! Haluamme pit\u00e4\u00e4 p\u00e4ivitt\u00e4iset oppimistilanteet hauskoina, kiinnostavina ja innostavina. Tavoitteemme on, ett\u00e4 lapset nauttivat oppimisesta ja iloitsevat, kun he oppivat uuden taidon tai saavuttavat asetetun tavoitteen. Uuden oppiminen tukee lasten kehityst\u00e4 monilla tavoin. Lapset, jotka luottavat itseens\u00e4 ja omiin taitoihinsa, ovat my\u00f6s omatoimisia, itsen\u00e4isi\u00e4, sek\u00e4 oppivat uutta vauhdilla.  <\/p><p>Kun lapset kasvavat, he oppivat k\u00e4ytt\u00e4m\u00e4\u00e4n tietotaitoaan jokap\u00e4iv\u00e4isiss\u00e4 tilanteissa, kuten tekem\u00e4\u00e4n itsen\u00e4isi\u00e4 p\u00e4\u00e4t\u00f6ksi\u00e4 ja perustelemaan toimintaansa.<\/p>\t\t\t\t\t\t\t\t<\/div>\n\t\t\t\t<\/div>\n\t\t<div class=\"elementor-element elementor-element-ece4c88 e-con-full e-flex elementor-invisible e-con e-child\" data-id=\"ece4c88\" data-element_type=\"container\" data-e-type=\"container\" data-settings=\"{&quot;jet_parallax_layout_list&quot;:[],&quot;animation&quot;:&quot;fadeIn&quot;,&quot;background_background&quot;:&quot;classic&quot;}\">\n\t\t\t\t<div class=\"elementor-element elementor-element-c00f867 elementor-widget elementor-widget-heading\" data-id=\"c00f867\" data-element_type=\"widget\" data-e-type=\"widget\" data-widget_type=\"heading.default\">\n\t\t\t\t\t<h2 class=\"elementor-heading-title elementor-size-default\">Oppimisen ABC<\/h2>\t\t\t\t<\/div>\n\t\t\t\t<div class=\"elementor-element elementor-element-ceb8e7d elementor-widget elementor-widget-text-editor\" data-id=\"ceb8e7d\" data-element_type=\"widget\" data-e-type=\"widget\" data-widget_type=\"text-editor.default\">\n\t\t\t\t\t\t\t\t\t<p>Se on yksinkertaista \u2013 hyvinvoivat lapset oppivat hyvin. Jokaisen lapsen t\u00e4ytyy tuntea, ett\u00e4 h\u00e4n on pidetty, arvostettu ja tulee ymm\u00e4rretyksi p\u00e4iv\u00e4kodissamme. Vaalimme p\u00e4iv\u00e4kodissamme hyv\u00e4\u00e4 ja avointa ilmapiiri\u00e4 pit\u00e4m\u00e4ll\u00e4 kiinni selkeist\u00e4 s\u00e4\u00e4nn\u00f6ist\u00e4, joiden laatimiseen my\u00f6s lapset osallistuvat. <\/p><p>Painotamme positiivista pedagogiikkaa ja kannustamme lapsia toisen empaattiseen kohtaamiseen. <\/p><p>Annamme lapsille kehitt\u00e4v\u00e4\u00e4 ja mielenkiintoista tekemist\u00e4, jotta he eiv\u00e4t tunne oloaan tylsistyneeksi.<\/p>\t\t\t\t\t\t\t\t<\/div>\n\t\t\t\t<\/div>\n\t\t\t\t\t<\/div>\n\t\t\t\t<\/div>\n\t\t\t\t<\/div>\n\t\t","protected":false},"excerpt":{"rendered":"<p>Tavoitteet Finnish-American Kindergarten p\u00e4iv\u00e4kodissa Luomme lapsille paljon mahdollisuuksia tutkia ymp\u00e4rist\u00f6\u00e4\u00e4n, seurata mielenkiinnon kohteitaan, sek\u00e4 oppia uusia asioita. P\u00e4iv\u00e4kodillamme on materiaalia monenlaiseen oppimiseen; niin projekteja, ryhm\u00e4t\u00f6it\u00e4, kuin itsen\u00e4ist\u00e4 ty\u00f6skentely\u00e4 varten. Kasvattajamme huolehtivat, ett\u00e4 jokaisella lapsella on tarvitsemansa tuki omalla oppimisen polulla Ota yhteytt\u00e4 Oppimisen ilo Oppiminen on kivaa! Haluamme pit\u00e4\u00e4 p\u00e4ivitt\u00e4iset oppimistilanteet hauskoina, kiinnostavina ja innostavina. [&hellip;]<\/p>\n","protected":false},"author":1,"featured_media":0,"parent":0,"menu_order":0,"comment_status":"closed","ping_status":"closed","template":"","meta":{"footnotes":""},"class_list":["post-1185","page","type-page","status-publish","hentry"],"_links":{"self":[{"href":"https:\/\/finnamkindergarten.com\/fi\/wp-json\/wp\/v2\/pages\/1185","targetHints":{"allow":["GET"]}}],"collection":[{"href":"https:\/\/finnamkindergarten.com\/fi\/wp-json\/wp\/v2\/pages"}],"about":[{"href":"https:\/\/finnamkindergarten.com\/fi\/wp-json\/wp\/v2\/types\/page"}],"author":[{"embeddable":true,"href":"https:\/\/finnamkindergarten.com\/fi\/wp-json\/wp\/v2\/users\/1"}],"replies":[{"embeddable":true,"href":"https:\/\/finnamkindergarten.com\/fi\/wp-json\/wp\/v2\/comments?post=1185"}],"version-history":[{"count":5,"href":"https:\/\/finnamkindergarten.com\/fi\/wp-json\/wp\/v2\/pages\/1185\/revisions"}],"predecessor-version":[{"id":1249,"href":"https:\/\/finnamkindergarten.com\/fi\/wp-json\/wp\/v2\/pages\/1185\/revisions\/1249"}],"wp:attachment":[{"href":"https:\/\/finnamkindergarten.com\/fi\/wp-json\/wp\/v2\/media?parent=1185"}],"curies":[{"name":"wp","href":"https:\/\/api.w.org\/{rel}","templated":true}]}}