{"id":1195,"date":"2025-09-09T12:14:32","date_gmt":"2025-09-09T09:14:32","guid":{"rendered":"https:\/\/finnamkindergarten.sivustamo.dev\/vanhemmille\/"},"modified":"2025-09-12T12:32:44","modified_gmt":"2025-09-12T09:32:44","slug":"vanhemmille","status":"publish","type":"page","link":"https:\/\/finnamkindergarten.com\/fi\/vanhemmille\/","title":{"rendered":"Vanhemmille"},"content":{"rendered":"\t\t<div data-elementor-type=\"wp-page\" data-elementor-id=\"1195\" class=\"elementor elementor-1195 elementor-621\" data-elementor-post-type=\"page\">\n\t\t\t\t<div class=\"elementor-element elementor-element-976417a e-flex e-con-boxed e-con e-parent\" data-id=\"976417a\" data-element_type=\"container\" data-e-type=\"container\" data-settings=\"{&quot;background_background&quot;:&quot;classic&quot;,&quot;jet_parallax_layout_list&quot;:[]}\">\n\t\t\t\t\t<div class=\"e-con-inner\">\n\t\t\t\t<div class=\"elementor-element elementor-element-f075dad hero_heading elementor-invisible elementor-widget elementor-widget-heading\" data-id=\"f075dad\" data-element_type=\"widget\" data-e-type=\"widget\" data-settings=\"{&quot;_animation&quot;:&quot;fadeIn&quot;}\" data-widget_type=\"heading.default\">\n\t\t\t\t\t<h2 class=\"elementor-heading-title elementor-size-default\">Perheet<\/h2>\t\t\t\t<\/div>\n\t\t\t\t\t<\/div>\n\t\t\t\t<\/div>\n\t\t<div class=\"elementor-element elementor-element-332b799 e-flex e-con-boxed e-con e-parent\" data-id=\"332b799\" data-element_type=\"container\" data-e-type=\"container\" data-settings=\"{&quot;jet_parallax_layout_list&quot;:[],&quot;background_background&quot;:&quot;classic&quot;,&quot;shape_divider_bottom&quot;:&quot;waves&quot;}\">\n\t\t\t\t\t<div class=\"e-con-inner\">\n\t\t\t\t<div class=\"elementor-shape elementor-shape-bottom\" aria-hidden=\"true\" data-negative=\"false\">\n\t\t\t<svg xmlns=\"http:\/\/www.w3.org\/2000\/svg\" viewBox=\"0 0 1000 100\" preserveAspectRatio=\"none\">\n\t<path class=\"elementor-shape-fill\" d=\"M421.9,6.5c22.6-2.5,51.5,0.4,75.5,5.3c23.6,4.9,70.9,23.5,100.5,35.7c75.8,32.2,133.7,44.5,192.6,49.7\n\tc23.6,2.1,48.7,3.5,103.4-2.5c54.7-6,106.2-25.6,106.2-25.6V0H0v30.3c0,0,72,32.6,158.4,30.5c39.2-0.7,92.8-6.7,134-22.4\n\tc21.2-8.1,52.2-18.2,79.7-24.2C399.3,7.9,411.6,7.5,421.9,6.5z\"\/>\n<\/svg>\t\t<\/div>\n\t\t<div class=\"elementor-element elementor-element-fbafcf8 e-con-full e-flex e-con e-child\" data-id=\"fbafcf8\" data-element_type=\"container\" data-e-type=\"container\" data-settings=\"{&quot;jet_parallax_layout_list&quot;:[]}\">\n\t\t\t\t<div class=\"elementor-element elementor-element-1be985a elementor-widget elementor-widget-image\" data-id=\"1be985a\" data-element_type=\"widget\" data-e-type=\"widget\" data-widget_type=\"image.default\">\n\t\t\t\t\t\t\t\t\t\t\t\t\t\t\t<img fetchpriority=\"high\" decoding=\"async\" width=\"800\" height=\"534\" src=\"https:\/\/finnamkindergarten.com\/wp-content\/uploads\/2025\/09\/parents-1024x683.jpg\" class=\"attachment-large size-large wp-image-1193\" alt=\"\" srcset=\"https:\/\/finnamkindergarten.com\/wp-content\/uploads\/2025\/09\/parents-1024x683.jpg 1024w, https:\/\/finnamkindergarten.com\/wp-content\/uploads\/2025\/09\/parents-300x200.jpg 300w, https:\/\/finnamkindergarten.com\/wp-content\/uploads\/2025\/09\/parents-768x512.jpg 768w, https:\/\/finnamkindergarten.com\/wp-content\/uploads\/2025\/09\/parents-1536x1024.jpg 1536w, https:\/\/finnamkindergarten.com\/wp-content\/uploads\/2025\/09\/parents-2048x1365.jpg 2048w\" sizes=\"(max-width: 800px) 100vw, 800px\" \/>\t\t\t\t\t\t\t\t\t\t\t\t\t\t\t<\/div>\n\t\t\t\t<\/div>\n\t\t<div class=\"elementor-element elementor-element-b323c6a e-con-full e-flex elementor-invisible e-con e-child\" data-id=\"b323c6a\" data-element_type=\"container\" data-e-type=\"container\" data-settings=\"{&quot;jet_parallax_layout_list&quot;:[],&quot;animation&quot;:&quot;fadeIn&quot;}\">\n\t\t\t\t<div class=\"elementor-element elementor-element-bc86b32 elementor-widget elementor-widget-heading\" data-id=\"bc86b32\" data-element_type=\"widget\" data-e-type=\"widget\" data-widget_type=\"heading.default\">\n\t\t\t\t\t<h2 class=\"elementor-heading-title elementor-size-default\">Rakennamme vahvoja kumppanuuksia vanhempien kanssa elinik\u00e4isen oppimisen tueksi.<\/h2>\t\t\t\t<\/div>\n\t\t\t\t<div class=\"elementor-element elementor-element-4be3f02 elementor-widget elementor-widget-text-editor\" data-id=\"4be3f02\" data-element_type=\"widget\" data-e-type=\"widget\" data-widget_type=\"text-editor.default\">\n\t\t\t\t\t\t\t\t\t<p>Huoltajat ovat lapsen t\u00e4rkeimm\u00e4t kasvattajat. P\u00e4iv\u00e4kotina haluamme tukea perheit\u00e4 lasten varhaiskasvatuksessa, ja vaikuttaa positiivisella tavalla lapsen oppimiseen ja kehitykseen. Kehit\u00e4mme koko ajan yhteisi\u00e4 toimintatapoja, kuinka osallistaa perheit\u00e4 p\u00e4iv\u00e4kodin arkeen. Toivomme hyv\u00e4\u00e4 ja avointa yhteisty\u00f6t\u00e4; joustavaa tiedonkulkua ja asioiden jakamista.<\/p><p>Koska p\u00e4iv\u00e4kotimme on englanninkielinen, kieli tuo oman n\u00e4k\u00f6kantansa varhaiskasvatukseen. Joillekin lapsille englanti on \u00e4idinkieli, mutta joillekin toinen tai jopa kolmas opeteltava kieli. Joka tapauksessa oman \u00e4idinkielen puhuminen kotona oman perheen kanssa on \u00e4\u00e4rimm\u00e4isen t\u00e4rke\u00e4\u00e4 ja suositeltavaa; lukekaa kirjoja, leikkik\u00e4\u00e4, jutelkaa lapsen \u00e4idinkielell\u00e4 p\u00e4ivitt\u00e4in. Arvostamme kaikkien kieli- ja kulttuuritaustaa ja toivomme, ett\u00e4 lapset ovat kotikielest\u00e4\u00e4n ylpeit\u00e4. Joskus kutsumme perheit\u00e4 p\u00e4iv\u00e4kodille kertomaan lapsille omasta kielest\u00e4\u00e4n ja kulttuuriperinteist\u00e4\u00e4n.<\/p>\t\t\t\t\t\t\t\t<\/div>\n\t\t\t\t<div class=\"elementor-element elementor-element-e417e48 elementor-widget elementor-widget-button\" data-id=\"e417e48\" data-element_type=\"widget\" data-e-type=\"widget\" data-widget_type=\"button.default\">\n\t\t\t\t\t\t\t\t\t\t<a class=\"elementor-button elementor-button-link elementor-size-sm\" href=\"https:\/\/finnamkindergarten.com\/fi\/ota-yhteytta\/\">\n\t\t\t\t\t\t<span class=\"elementor-button-content-wrapper\">\n\t\t\t\t\t\t<span class=\"elementor-button-icon\">\n\t\t\t\t<svg xmlns=\"http:\/\/www.w3.org\/2000\/svg\" width=\"19\" height=\"15\" viewBox=\"0 0 19 15\" fill=\"none\"><path d=\"M0.325684 7.73376H17.3257M17.3257 7.73376L10.8257 1.23376M17.3257 7.73376L10.8257 14.2338\" stroke=\"white\" stroke-width=\"2\"><\/path><\/svg>\t\t\t<\/span>\n\t\t\t\t\t\t\t\t\t<span class=\"elementor-button-text\">Ota yhteytt\u00e4<\/span>\n\t\t\t\t\t<\/span>\n\t\t\t\t\t<\/a>\n\t\t\t\t\t\t\t\t<\/div>\n\t\t\t\t<\/div>\n\t\t\t\t\t<\/div>\n\t\t\t\t<\/div>\n\t\t<div class=\"elementor-element elementor-element-f0f243b e-flex e-con-boxed e-con e-parent\" data-id=\"f0f243b\" data-element_type=\"container\" data-e-type=\"container\" data-settings=\"{&quot;background_background&quot;:&quot;classic&quot;,&quot;jet_parallax_layout_list&quot;:[]}\">\n\t\t\t\t\t<div class=\"e-con-inner\">\n\t\t<div class=\"elementor-element elementor-element-a3a1bb3 e-con-full e-flex elementor-invisible e-con e-child\" data-id=\"a3a1bb3\" data-element_type=\"container\" data-e-type=\"container\" data-settings=\"{&quot;jet_parallax_layout_list&quot;:[],&quot;animation&quot;:&quot;fadeIn&quot;,&quot;background_background&quot;:&quot;classic&quot;}\">\n\t\t\t\t<\/div>\n\t\t<div class=\"elementor-element elementor-element-4898f03 e-con-full e-flex elementor-invisible e-con e-child\" data-id=\"4898f03\" data-element_type=\"container\" data-e-type=\"container\" data-settings=\"{&quot;jet_parallax_layout_list&quot;:[],&quot;animation&quot;:&quot;fadeIn&quot;,&quot;background_background&quot;:&quot;classic&quot;}\">\n\t\t\t\t<div class=\"elementor-element elementor-element-c0ac3c5 elementor-widget elementor-widget-heading\" data-id=\"c0ac3c5\" data-element_type=\"widget\" data-e-type=\"widget\" data-widget_type=\"heading.default\">\n\t\t\t\t\t<h2 class=\"elementor-heading-title elementor-size-default\">Olethan yhteydess\u00e4<\/h2>\t\t\t\t<\/div>\n\t\t\t\t<div class=\"elementor-element elementor-element-c7a8fe9 elementor-widget elementor-widget-text-editor\" data-id=\"c7a8fe9\" data-element_type=\"widget\" data-e-type=\"widget\" data-widget_type=\"text-editor.default\">\n\t\t\t\t\t\t\t\t\t<p>Olemme aina valmiita keskustelemaan p\u00e4iv\u00e4kodin arjesta, ja mist\u00e4 vain. Voit ottaa yhteytt\u00e4 tai tulla k\u00e4ym\u00e4\u00e4n, mik\u00e4li mieleen tulee kysymyksi\u00e4, huolia tai toiveita.<\/p>\t\t\t\t\t\t\t\t<\/div>\n\t\t\t\t<\/div>\n\t\t<div class=\"elementor-element elementor-element-23d4344 e-con-full e-flex elementor-invisible e-con e-child\" data-id=\"23d4344\" data-element_type=\"container\" data-e-type=\"container\" data-settings=\"{&quot;jet_parallax_layout_list&quot;:[],&quot;animation&quot;:&quot;fadeIn&quot;,&quot;background_background&quot;:&quot;classic&quot;}\">\n\t\t\t\t<div class=\"elementor-element elementor-element-2518c58 elementor-widget elementor-widget-heading\" data-id=\"2518c58\" data-element_type=\"widget\" data-e-type=\"widget\" data-widget_type=\"heading.default\">\n\t\t\t\t\t<h2 class=\"elementor-heading-title elementor-size-default\">Ilmapiiri<\/h2>\t\t\t\t<\/div>\n\t\t\t\t<div class=\"elementor-element elementor-element-ae658b5 elementor-widget elementor-widget-text-editor\" data-id=\"ae658b5\" data-element_type=\"widget\" data-e-type=\"widget\" data-widget_type=\"text-editor.default\">\n\t\t\t\t\t\t\t\t\t<p>Pyrimme, ett\u00e4 p\u00e4iv\u00e4kotimme ilmapiiri olisi kannustava sek\u00e4 arvostava, ja ett\u00e4 lapsilla olisi itses\u00e4\u00e4telykyky\u00e4 ja itsevarmuutta kohdatessaan erilaisia tilanteita. Uskomme, ett\u00e4 lapsilla on helppo olla, kun p\u00e4iv\u00e4kodissa on selke\u00e4t rutiinit, s\u00e4\u00e4nn\u00f6t ja odotukset. Lapsilla tulee olla turvallinen olo olla ja leikki\u00e4 p\u00e4iv\u00e4kodissa, niin ettei ole pelkoa h\u00e4irityksi tai satutetuksi tulemisesta.<\/p>\t\t\t\t\t\t\t\t<\/div>\n\t\t\t\t<\/div>\n\t\t\t\t\t<\/div>\n\t\t\t\t<\/div>\n\t\t\t\t<\/div>\n\t\t","protected":false},"excerpt":{"rendered":"<p>Perheet Rakennamme vahvoja kumppanuuksia vanhempien kanssa elinik\u00e4isen oppimisen tueksi. Huoltajat ovat lapsen t\u00e4rkeimm\u00e4t kasvattajat. P\u00e4iv\u00e4kotina haluamme tukea perheit\u00e4 lasten varhaiskasvatuksessa, ja vaikuttaa positiivisella tavalla lapsen oppimiseen ja kehitykseen. Kehit\u00e4mme koko ajan yhteisi\u00e4 toimintatapoja, kuinka osallistaa perheit\u00e4 p\u00e4iv\u00e4kodin arkeen. Toivomme hyv\u00e4\u00e4 ja avointa yhteisty\u00f6t\u00e4; joustavaa tiedonkulkua ja asioiden jakamista. Koska p\u00e4iv\u00e4kotimme on englanninkielinen, kieli tuo oman [&hellip;]<\/p>\n","protected":false},"author":1,"featured_media":0,"parent":0,"menu_order":0,"comment_status":"closed","ping_status":"closed","template":"","meta":{"footnotes":""},"class_list":["post-1195","page","type-page","status-publish","hentry"],"_links":{"self":[{"href":"https:\/\/finnamkindergarten.com\/fi\/wp-json\/wp\/v2\/pages\/1195","targetHints":{"allow":["GET"]}}],"collection":[{"href":"https:\/\/finnamkindergarten.com\/fi\/wp-json\/wp\/v2\/pages"}],"about":[{"href":"https:\/\/finnamkindergarten.com\/fi\/wp-json\/wp\/v2\/types\/page"}],"author":[{"embeddable":true,"href":"https:\/\/finnamkindergarten.com\/fi\/wp-json\/wp\/v2\/users\/1"}],"replies":[{"embeddable":true,"href":"https:\/\/finnamkindergarten.com\/fi\/wp-json\/wp\/v2\/comments?post=1195"}],"version-history":[{"count":10,"href":"https:\/\/finnamkindergarten.com\/fi\/wp-json\/wp\/v2\/pages\/1195\/revisions"}],"predecessor-version":[{"id":1261,"href":"https:\/\/finnamkindergarten.com\/fi\/wp-json\/wp\/v2\/pages\/1195\/revisions\/1261"}],"wp:attachment":[{"href":"https:\/\/finnamkindergarten.com\/fi\/wp-json\/wp\/v2\/media?parent=1195"}],"curies":[{"name":"wp","href":"https:\/\/api.w.org\/{rel}","templated":true}]}}